{"id":108,"date":"2023-12-28T21:41:10","date_gmt":"2023-12-28T20:41:10","guid":{"rendered":"https:\/\/bavarianfirehistory.com\/?page_id=108"},"modified":"2024-11-23T17:14:19","modified_gmt":"2024-11-23T16:14:19","slug":"uber-nicolas-folio","status":"publish","type":"page","link":"https:\/\/bavarianfirehistory.com\/index.php\/de\/uber-nicolas-folio\/","title":{"rendered":"\u00dcber Nicolas Folio"},"content":{"rendered":"\n<p><strong>Leiter der Hauptrettungswache, Doktorand in deutscher Zivilisation, Vereinspr\u00e4sident<\/strong><\/p>\n\n\n\n<h4 class=\"wp-block-heading\">KONTAKTDATEN <\/h4>\n\n\n\n<ul class=\"wp-block-list\">\n<li>Telefon: +262 (0)6 93 31 60 55 <\/li>\n\n\n\n<li>E-Mail: <a>nicolas.folio@bavarianfirehistory.com<\/a> <\/li>\n\n\n\n<li>LinkedIn: Nicolas Folio <\/li>\n<\/ul>\n\n\n\n<h4 class=\"wp-block-heading\">BERUFLICHES PROFIL <\/h4>\n\n\n\n<div class=\"wp-block-columns is-layout-flex wp-container-core-columns-is-layout-9d6595d7 wp-block-columns-is-layout-flex\">\n<div class=\"wp-block-column is-layout-flow wp-block-column-is-layout-flow\" style=\"flex-basis:50%\">\n<p>Mit fast 30 Jahren Erfahrung als Feuerwehrmann habe ich mich auf operationelles Management, Projektmanagement und Ausbildung spezialisiert. Derzeit leite ich die Hauptrettungswache in Saint-Pierre im SDIS von La R\u00e9union, wo ich ein Team von 150 Feuerwehrleuten manage. Meine Laufbahn f\u00fchrte mich auch zu Schl\u00fcsselpositionen in der Pariser Feuerwehrbrigade, unter anderem als Kompaniekommandant und Offizier im B\u00fcro f\u00fcr Studien und Zukunftsforschung.<\/p>\n<\/div>\n\n\n\n<div class=\"wp-block-column is-layout-flow wp-block-column-is-layout-flow\" style=\"flex-basis:50%\">\n<figure class=\"wp-block-image size-large\"><img loading=\"lazy\" decoding=\"async\" width=\"682\" height=\"1024\" src=\"https:\/\/bavarianfirehistory.com\/wp-content\/uploads\/2024\/11\/1000004819-1-682x1024.jpg\" alt=\"\" class=\"wp-image-270\" srcset=\"https:\/\/bavarianfirehistory.com\/wp-content\/uploads\/2024\/11\/1000004819-1-682x1024.jpg 682w, https:\/\/bavarianfirehistory.com\/wp-content\/uploads\/2024\/11\/1000004819-1-200x300.jpg 200w, https:\/\/bavarianfirehistory.com\/wp-content\/uploads\/2024\/11\/1000004819-1-768x1154.jpg 768w, https:\/\/bavarianfirehistory.com\/wp-content\/uploads\/2024\/11\/1000004819-1.jpg 852w\" sizes=\"auto, (max-width: 682px) 100vw, 682px\" \/><\/figure>\n<\/div>\n<\/div>\n\n\n\n<h4 class=\"wp-block-heading\">KERNKOMPETENZEN <\/h4>\n\n\n\n<ul class=\"wp-block-list\">\n<li>Notfallmanagement <\/li>\n\n\n\n<li>P\u00e4dagogik <\/li>\n\n\n\n<li>Management <\/li>\n\n\n\n<li>Projektmanagement <\/li>\n<\/ul>\n\n\n\n<h4 class=\"wp-block-heading\">SPRACHEN<\/h4>\n\n\n\n<ul class=\"wp-block-list\">\n<li>Englisch (Vollprofessionell) <\/li>\n\n\n\n<li>Portugiesisch (Beruflich flie\u00dfend) <\/li>\n\n\n\n<li>Franz\u00f6sisch (Muttersprache oder zweisprachig) <\/li>\n\n\n\n<li>Kreolisch von La R\u00e9union (Muttersprache oder zweisprachig) <\/li>\n\n\n\n<li>Deutsch (Vollprofessionell) <\/li>\n<\/ul>\n\n\n\n<h4 class=\"wp-block-heading\">ZERTIFIKATE<\/h4>\n\n\n\n<ul class=\"wp-block-list\">\n<li>Milit\u00e4risches Sprachzertifikat Deutsch 3. Grad (schriftlich und m\u00fcndlich) <\/li>\n\n\n\n<li>Milit\u00e4risches Sprachzertifikat Englisch 3. Grad (schriftlich und m\u00fcndlich) <\/li>\n\n\n\n<li>Verantwortlicher im operationellen Management (II-346p) <\/li>\n\n\n\n<li>Milit\u00e4risches Sprachzertifikat Portugiesisch 2. Grad (schriftlich und m\u00fcndlich) <\/li>\n\n\n\n<li>Offizierslehrgang \/ Friedensunterst\u00fctzungsoperationen <\/li>\n<\/ul>\n\n\n\n<h4 class=\"wp-block-heading\">EHREN UND AUSZEICHNUNGEN <\/h4>\n\n\n\n<ul class=\"wp-block-list\">\n<li>Krebs-Preis (Innovation): 1. und 2. Preis<\/li>\n\n\n\n<li>Preis im Wettbewerb \u201eF\u00f6rderung der beruflichen Ethik\u201c <\/li>\n<\/ul>\n\n\n\n<h4 class=\"wp-block-heading\">VER\u00d6FFENTLICHUNGEN <\/h4>\n\n\n\n<ul class=\"wp-block-list\">\n<li>\u201eDer Chef im Stress \u2013 Die operationelle Erfahrung der Pariser Feuerwehrleute\u201c <\/li>\n\n\n\n<li>\u201eDer Feuerwehrmann von New York \u2013 Held des 19. Jahrhunderts\u201c <\/li>\n\n\n\n<li>\u201eDie Rolle der Rettungsdienste bei Terroranschl\u00e4gen\u201c <\/li>\n<\/ul>\n\n\n\n<h4 class=\"wp-block-heading\">AKADEMISCHE ERFAHRUNG <\/h4>\n\n\n\n<p>Als leidenschaftlicher Sprach- und Kulturkenner bin ich derzeit Doktorand in deutscher Zivilisation zum Thema der Geschichte der bayerischen Feuerwehrleute im 19. Jahrhundert. Ich unterrichte auch an der Universit\u00e4t von La R\u00e9union in verschiedenen Bereichen wie Deutsch, Englisch, Geschichte und Sicherheit.<\/p>\n\n\n\n<h4 class=\"wp-block-heading\">LEHRERFAHRUNG <\/h4>\n\n\n\n<ul class=\"wp-block-list\">\n<li>Lehrbeauftragter im Masterstudiengang \u201eRisiken und Umwelt\u201c an der Universit\u00e4t von La R\u00e9union.<\/li>\n\n\n\n<li>Lehrer f\u00fcr Englisch, Geschichte und Deutsch, mit besonderem Schwerpunkt auf den politischen, sozialen und kulturellen Dynamiken Europas im 19. Jahrhundert. <\/li>\n<\/ul>\n\n\n\n<h4 class=\"wp-block-heading\">ERFAHRUNG IN WEB- UND ANWENDUNGSENTWICKLUNG <\/h4>\n\n\n\n<ul class=\"wp-block-list\">\n<li>Ehrenamtlicher Webmaster f\u00fcr verschiedene kommerzielle und institutionelle Websites.<\/li>\n\n\n\n<li> Anwendungsentwickler in PHP, Visual C++, VBA und OoBasic. <\/li>\n<\/ul>\n\n\n\n<h4 class=\"wp-block-heading\">AUSBILDUNG <\/h4>\n\n\n\n<ul class=\"wp-block-list\">\n<li>Doktorat in Forschung, Deutsche Zivilisation, Universit\u00e4t Paris X Nanterre (Voraussichtlich 2026) <\/li>\n\n\n\n<li>Master 2, Anglophone Welt, Universit\u00e4t Rennes 2 <\/li>\n\n\n\n<li>Master 2, Deutsche Sprache und Literatur, Universit\u00e4t Paris X Nanterre <\/li>\n\n\n\n<li>Bachelor in Geschichte, Universit\u00e4t Paris Sorbonne <\/li>\n\n\n\n<li>BTS in Informatikmanagement, Schwerpunkt Anwendungsentwicklung<\/li>\n<\/ul>\n","protected":false},"excerpt":{"rendered":"<p>Leiter der Hauptrettungswache, Doktorand in deutscher Zivilisation, Vereinspr\u00e4sident KONTAKTDATEN BERUFLICHES PROFIL Mit fast 30 Jahren Erfahrung als Feuerwehrmann habe ich mich auf operationelles Management, Projektmanagement und Ausbildung spezialisiert. Derzeit leite ich die Hauptrettungswache in Saint-Pierre im SDIS von La R\u00e9union, wo ich ein Team von 150 Feuerwehrleuten manage. Meine Laufbahn f\u00fchrte mich auch zu Schl\u00fcsselpositionen [&hellip;]<\/p>\n","protected":false},"author":1,"featured_media":0,"parent":0,"menu_order":0,"comment_status":"closed","ping_status":"closed","template":"","meta":{"footnotes":""},"class_list":["post-108","page","type-page","status-publish","hentry"],"_links":{"self":[{"href":"https:\/\/bavarianfirehistory.com\/index.php\/wp-json\/wp\/v2\/pages\/108","targetHints":{"allow":["GET"]}}],"collection":[{"href":"https:\/\/bavarianfirehistory.com\/index.php\/wp-json\/wp\/v2\/pages"}],"about":[{"href":"https:\/\/bavarianfirehistory.com\/index.php\/wp-json\/wp\/v2\/types\/page"}],"author":[{"embeddable":true,"href":"https:\/\/bavarianfirehistory.com\/index.php\/wp-json\/wp\/v2\/users\/1"}],"replies":[{"embeddable":true,"href":"https:\/\/bavarianfirehistory.com\/index.php\/wp-json\/wp\/v2\/comments?post=108"}],"version-history":[{"count":3,"href":"https:\/\/bavarianfirehistory.com\/index.php\/wp-json\/wp\/v2\/pages\/108\/revisions"}],"predecessor-version":[{"id":271,"href":"https:\/\/bavarianfirehistory.com\/index.php\/wp-json\/wp\/v2\/pages\/108\/revisions\/271"}],"wp:attachment":[{"href":"https:\/\/bavarianfirehistory.com\/index.php\/wp-json\/wp\/v2\/media?parent=108"}],"curies":[{"name":"wp","href":"https:\/\/api.w.org\/{rel}","templated":true}]}}