{"id":120,"date":"2023-12-29T10:10:07","date_gmt":"2023-12-29T09:10:07","guid":{"rendered":"https:\/\/bavarianfirehistory.com\/?page_id=120"},"modified":"2023-12-29T10:10:08","modified_gmt":"2023-12-29T09:10:08","slug":"synthese-multidisziplinarer-analysen","status":"publish","type":"page","link":"https:\/\/bavarianfirehistory.com\/index.php\/de\/synthese-multidisziplinarer-analysen\/","title":{"rendered":"Synthese multidisziplin\u00e4rer Analysen"},"content":{"rendered":"\n<p><strong>Vorausschau und Engagement<\/strong><\/p>\n\n\n\n<p>Willkommen auf der Seite \u201eSynthese multidisziplin\u00e4rer Analysen\u201c meines Doktorforschungsprojekts. Diese Seite ist das Herzst\u00fcck meines Engagements, interdisziplin\u00e4res Wissen und Perspektiven, die ich w\u00e4hrend meiner Studie \u00fcber \u201eDie Entwicklung der Identit\u00e4t und Rolle der Feuerwehrleute in Bayern im 19. Jahrhundert\u201c gewonnen habe, zu teilen.<\/p>\n\n\n\n<p><strong>J\u00e4hrliche Ver\u00f6ffentlichung<\/strong><\/p>\n\n\n\n<p>Am Ende jedes Studienjahres werde ich hier eine Zusammenfassung der im Laufe des Jahres durchgef\u00fchrten Analysen ver\u00f6ffentlichen. Diese j\u00e4hrliche Ver\u00f6ffentlichung bietet die Gelegenheit, interdisziplin\u00e4re Einblicke, tiefgreifende \u00dcberlegungen und bereichernde Perspektiven aus meiner Forschung zu teilen.<\/p>\n\n\n\n<p><strong>Bleiben Sie Verbunden<\/strong><\/p>\n\n\n\n<p>Um nichts von diesen wichtigen Updates zu verpassen, lade ich Sie ein, dieser Seite sowie meinen Profilen auf Facebook, LinkedIn und X (Twitter) zu folgen. Jede neue Ver\u00f6ffentlichung wird auf diesen Plattformen geteilt, um den Zugang zu erleichtern und den Austausch von Ideen zu f\u00f6rdern.<\/p>\n\n\n\n<p><strong>Ihre Teilnahme<\/strong><\/p>\n\n\n\n<p>Ihr Interesse und Ihre Beitr\u00e4ge sind unerl\u00e4sslich. Ich ermutige Sie, sich zu beteiligen, Fragen zu stellen und Ihre Gedanken zu teilen, was unser kollektives Verst\u00e4ndnis dieses Themas bereichern wird.<\/p>\n\n\n\n<p><strong>N\u00e4chste Aktualisierung<\/strong><\/p>\n\n\n\n<p>Die erste Zusammenfassung wird am Ende dieses Studienjahres ver\u00f6ffentlicht. Bleiben Sie dran, um einzigartige Analysen und Perspektiven zur Geschichte der Feuerwehr in Bayern zu entdecken.<\/p>\n","protected":false},"excerpt":{"rendered":"<p>Vorausschau und Engagement Willkommen auf der Seite \u201eSynthese multidisziplin\u00e4rer Analysen\u201c meines Doktorforschungsprojekts. Diese Seite ist das Herzst\u00fcck meines Engagements, interdisziplin\u00e4res Wissen und Perspektiven, die ich w\u00e4hrend meiner Studie \u00fcber \u201eDie Entwicklung der Identit\u00e4t und Rolle der Feuerwehrleute in Bayern im 19. Jahrhundert\u201c gewonnen habe, zu teilen. J\u00e4hrliche Ver\u00f6ffentlichung Am Ende jedes Studienjahres werde ich hier [&hellip;]<\/p>\n","protected":false},"author":1,"featured_media":0,"parent":0,"menu_order":0,"comment_status":"closed","ping_status":"closed","template":"","meta":{"footnotes":""},"class_list":["post-120","page","type-page","status-publish","hentry"],"_links":{"self":[{"href":"https:\/\/bavarianfirehistory.com\/index.php\/wp-json\/wp\/v2\/pages\/120","targetHints":{"allow":["GET"]}}],"collection":[{"href":"https:\/\/bavarianfirehistory.com\/index.php\/wp-json\/wp\/v2\/pages"}],"about":[{"href":"https:\/\/bavarianfirehistory.com\/index.php\/wp-json\/wp\/v2\/types\/page"}],"author":[{"embeddable":true,"href":"https:\/\/bavarianfirehistory.com\/index.php\/wp-json\/wp\/v2\/users\/1"}],"replies":[{"embeddable":true,"href":"https:\/\/bavarianfirehistory.com\/index.php\/wp-json\/wp\/v2\/comments?post=120"}],"version-history":[{"count":1,"href":"https:\/\/bavarianfirehistory.com\/index.php\/wp-json\/wp\/v2\/pages\/120\/revisions"}],"predecessor-version":[{"id":121,"href":"https:\/\/bavarianfirehistory.com\/index.php\/wp-json\/wp\/v2\/pages\/120\/revisions\/121"}],"wp:attachment":[{"href":"https:\/\/bavarianfirehistory.com\/index.php\/wp-json\/wp\/v2\/media?parent=120"}],"curies":[{"name":"wp","href":"https:\/\/api.w.org\/{rel}","templated":true}]}}