{"id":126,"date":"2023-12-29T10:16:25","date_gmt":"2023-12-29T09:16:25","guid":{"rendered":"https:\/\/bavarianfirehistory.com\/?page_id=126"},"modified":"2023-12-30T09:58:30","modified_gmt":"2023-12-30T08:58:30","slug":"kontakt","status":"publish","type":"page","link":"https:\/\/bavarianfirehistory.com\/index.php\/de\/kontakt\/","title":{"rendered":"Kontakt"},"content":{"rendered":"\n<p><strong>Willkommen auf der Kontaktseite<\/strong><\/p>\n\n\n\n<p>Ich danke Ihnen f\u00fcr Ihr Interesse an meinem Forschungsprojekt \u00fcber \u201eDie Entwicklung der Identit\u00e4t und Rolle der Feuerwehrleute in Bayern im 19. Jahrhundert\u201c. Wenn Sie Fragen haben, Vorschl\u00e4ge machen m\u00f6chten oder einfach \u00fcber dieses faszinierende Thema sprechen wollen, z\u00f6gern Sie nicht, mich zu kontaktieren.<\/p>\n\n\n\n<p><strong>Kontaktdaten<\/strong><\/p>\n\n\n\n<ul class=\"wp-block-list\">\n<li><strong>E-Mail :<\/strong> <a href=\"mailto:nicolas.folio@bavarianfirehistory.com\" data-type=\"mailto\" data-id=\"mailto:nicolas.folio@bavarianfirehistory.com\">nicolas.folio@bavarianfirehistory.com<\/a><\/li>\n\n\n\n<li><strong>T\u00e9l\u00e9phone :<\/strong> +262 (0)6 93 31 60 55<\/li>\n<\/ul>\n\n\n\n<p><strong>Soziale und berufliche Netzwerke<\/strong><\/p>\n\n\n\n<ul class=\"wp-block-list\">\n<li><strong>LinkedIn :<\/strong> <a href=\"http:\/\/www.linkedin.com\/in\/nicolas-folio\" target=\"_blank\" rel=\"noreferrer noopener\">nicolas-folio<\/a><\/li>\n\n\n\n<li><strong>Facebook :<\/strong> <a href=\"https:\/\/www.facebook.com\/Histoiredepompier\/\" target=\"_blank\" rel=\"noreferrer noopener\">Histoiredepompier<\/a><\/li>\n\n\n\n<li><strong>X :<\/strong> <a href=\"https:\/\/twitter.com\/Nicolas_Folio\" target=\"_blank\" rel=\"noreferrer noopener\">Nicolas_Folio<\/a><\/li>\n\n\n\n<li><strong>Xing :<\/strong> <a href=\"https:\/\/www.xing.com\/profile\/Nicolas_FOLIO\" target=\"_blank\" rel=\"noreferrer noopener\">Nicolas_FOLIO<\/a><\/li>\n\n\n\n<li><strong>Academia.edu :<\/strong> <a href=\"https:\/\/u-paris10.academia.edu\/NicolasFOLIO\">Nicolas FOLIO | Universit\u00e9 Paris Nanterre &#8211; Academia.edu<\/a><\/li>\n<\/ul>\n\n\n\n<p> <strong>Engagement zur Antwort<\/strong><\/p>\n\n\n\n<p>Ich verpflichte mich, auf alle Anfragen zu antworten. Ihre Neugier und Ihr Engagement in diesem Forschungsbereich sind sehr gesch\u00e4tzt.<\/p>\n\n\n\n<p><strong>Vertraulichkeit<\/strong><\/p>\n\n\n\n<p>Ihre Kontaktdaten werden streng vertraulich behandelt und ausschlie\u00dflich zur Beantwortung Ihrer Anfrage verwendet.<\/p>\n","protected":false},"excerpt":{"rendered":"<p>Willkommen auf der Kontaktseite Ich danke Ihnen f\u00fcr Ihr Interesse an meinem Forschungsprojekt \u00fcber \u201eDie Entwicklung der Identit\u00e4t und Rolle der Feuerwehrleute in Bayern im 19. Jahrhundert\u201c. Wenn Sie Fragen haben, Vorschl\u00e4ge machen m\u00f6chten oder einfach \u00fcber dieses faszinierende Thema sprechen wollen, z\u00f6gern Sie nicht, mich zu kontaktieren. Kontaktdaten Soziale und berufliche Netzwerke Engagement zur [&hellip;]<\/p>\n","protected":false},"author":1,"featured_media":0,"parent":0,"menu_order":0,"comment_status":"closed","ping_status":"closed","template":"","meta":{"footnotes":""},"class_list":["post-126","page","type-page","status-publish","hentry"],"_links":{"self":[{"href":"https:\/\/bavarianfirehistory.com\/index.php\/wp-json\/wp\/v2\/pages\/126","targetHints":{"allow":["GET"]}}],"collection":[{"href":"https:\/\/bavarianfirehistory.com\/index.php\/wp-json\/wp\/v2\/pages"}],"about":[{"href":"https:\/\/bavarianfirehistory.com\/index.php\/wp-json\/wp\/v2\/types\/page"}],"author":[{"embeddable":true,"href":"https:\/\/bavarianfirehistory.com\/index.php\/wp-json\/wp\/v2\/users\/1"}],"replies":[{"embeddable":true,"href":"https:\/\/bavarianfirehistory.com\/index.php\/wp-json\/wp\/v2\/comments?post=126"}],"version-history":[{"count":2,"href":"https:\/\/bavarianfirehistory.com\/index.php\/wp-json\/wp\/v2\/pages\/126\/revisions"}],"predecessor-version":[{"id":147,"href":"https:\/\/bavarianfirehistory.com\/index.php\/wp-json\/wp\/v2\/pages\/126\/revisions\/147"}],"wp:attachment":[{"href":"https:\/\/bavarianfirehistory.com\/index.php\/wp-json\/wp\/v2\/media?parent=126"}],"curies":[{"name":"wp","href":"https:\/\/api.w.org\/{rel}","templated":true}]}}