{"id":133,"date":"2023-12-29T10:22:34","date_gmt":"2023-12-29T09:22:34","guid":{"rendered":"https:\/\/bavarianfirehistory.com\/?page_id=133"},"modified":"2024-11-18T09:30:31","modified_gmt":"2024-11-18T08:30:31","slug":"nutzliche-links","status":"publish","type":"page","link":"https:\/\/bavarianfirehistory.com\/index.php\/de\/nutzliche-links\/","title":{"rendered":"N\u00fctzliche Links"},"content":{"rendered":"\n<p><strong>CIERA \u2013 Unterst\u00fctzung f\u00fcr deutsch-franz\u00f6sische und internationale Forschung<\/strong><\/p>\n\n\n\n<p>Das Centre Interdisciplinaire d&rsquo;\u00c9tudes et de Recherches sur l&rsquo;Allemagne (CIERA) ist eine Forschungsplattform, die innovative Projekte in den Geistes- und Sozialwissenschaften f\u00f6rdert. Es bietet Schulungen, Finanzierungen, Mobilit\u00e4tshilfen und M\u00f6glichkeiten zur Zusammenarbeit an. Egal, ob Sie Student, Forscher oder einfach an der deutschsprachigen Welt interessiert sind \u2013 das CIERA unterst\u00fctzt interdisziplin\u00e4re Entdeckungen und ein globales Verst\u00e4ndnis.<\/p>\n\n\n\n<p><a href=\"https:\/\/www.ciera.fr\/de\" data-type=\"link\" data-id=\"https:\/\/www.ciera.fr\/de\" target=\"_blank\" rel=\"noreferrer noopener\">Besuchen Sie die Webseite des CIERA<\/a><\/p>\n\n\n\n<hr class=\"wp-block-separator has-alpha-channel-opacity\"\/>\n\n\n\n<p><strong>GSA &#8211; The German Studies Association<\/strong><\/p>\n\n\n\n<p>Die German Studies Association (GSA), gegr\u00fcndet 1976, ist eine Organisation f\u00fcr interdisziplin\u00e4re Forschung zu deutschsprachigen L\u00e4ndern. Als ACLS-Mitglied organisiert sie eine j\u00e4hrliche Konferenz, ver\u00f6ffentlicht die <em>German Studies Review<\/em> und f\u00f6rdert internationale Studien.<\/p>\n\n\n\n<p><a href=\"https:\/\/thegsa.org\/\" data-type=\"link\" data-id=\"https:\/\/thegsa.org\/\" target=\"_blank\" rel=\"noreferrer noopener\">Besuchen Sie die Webseite der GSA<\/a><\/p>\n\n\n\n<p><\/p>\n","protected":false},"excerpt":{"rendered":"<p>CIERA \u2013 Unterst\u00fctzung f\u00fcr deutsch-franz\u00f6sische und internationale Forschung Das Centre Interdisciplinaire d&rsquo;\u00c9tudes et de Recherches sur l&rsquo;Allemagne (CIERA) ist eine Forschungsplattform, die innovative Projekte in den Geistes- und Sozialwissenschaften f\u00f6rdert. Es bietet Schulungen, Finanzierungen, Mobilit\u00e4tshilfen und M\u00f6glichkeiten zur Zusammenarbeit an. Egal, ob Sie Student, Forscher oder einfach an der deutschsprachigen Welt interessiert sind \u2013 das [&hellip;]<\/p>\n","protected":false},"author":1,"featured_media":0,"parent":0,"menu_order":0,"comment_status":"closed","ping_status":"closed","template":"","meta":{"footnotes":""},"class_list":["post-133","page","type-page","status-publish","hentry"],"_links":{"self":[{"href":"https:\/\/bavarianfirehistory.com\/index.php\/wp-json\/wp\/v2\/pages\/133","targetHints":{"allow":["GET"]}}],"collection":[{"href":"https:\/\/bavarianfirehistory.com\/index.php\/wp-json\/wp\/v2\/pages"}],"about":[{"href":"https:\/\/bavarianfirehistory.com\/index.php\/wp-json\/wp\/v2\/types\/page"}],"author":[{"embeddable":true,"href":"https:\/\/bavarianfirehistory.com\/index.php\/wp-json\/wp\/v2\/users\/1"}],"replies":[{"embeddable":true,"href":"https:\/\/bavarianfirehistory.com\/index.php\/wp-json\/wp\/v2\/comments?post=133"}],"version-history":[{"count":5,"href":"https:\/\/bavarianfirehistory.com\/index.php\/wp-json\/wp\/v2\/pages\/133\/revisions"}],"predecessor-version":[{"id":215,"href":"https:\/\/bavarianfirehistory.com\/index.php\/wp-json\/wp\/v2\/pages\/133\/revisions\/215"}],"wp:attachment":[{"href":"https:\/\/bavarianfirehistory.com\/index.php\/wp-json\/wp\/v2\/media?parent=133"}],"curies":[{"name":"wp","href":"https:\/\/api.w.org\/{rel}","templated":true}]}}