{"id":2,"date":"2023-11-18T15:02:42","date_gmt":"2023-11-18T14:02:42","guid":{"rendered":"http:\/\/bavarianfirehistory.com\/?page_id=2"},"modified":"2024-04-20T13:23:32","modified_gmt":"2024-04-20T11:23:32","slug":"page-d-exemple","status":"publish","type":"page","link":"https:\/\/bavarianfirehistory.com\/","title":{"rendered":"Bienvenue !"},"content":{"rendered":"\n<h5 class=\"wp-block-heading\"><strong>Plongez dans l&rsquo;histoire fascinante des pompiers de Bavi\u00e8re au 19e si\u00e8cle.<\/strong><\/h5>\n\n\n\n<p>D\u00e9couvrez un voyage unique \u00e0 travers le temps, o\u00f9 courage, innovation et changements sociaux se m\u00ealent pour fa\u00e7onner l&rsquo;identit\u00e9 et le r\u00f4le des pompiers dans une p\u00e9riode de transformations politiques et culturelles profondes. Mon projet de recherche, \u00ab\u00a0L&rsquo;\u00e9volution de l&rsquo;identit\u00e9 et du r\u00f4le des pompiers en Bavi\u00e8re au 19e si\u00e8cle : une \u00e9tude interdisciplinaire des influences politiques, sociales et culturelles\u00a0\u00bb, invite \u00e0 explorer comment les \u00e9v\u00e9nements historiques, de la R\u00e9volution fran\u00e7aise \u00e0 l&rsquo;influence prussienne, ont influenc\u00e9 ces h\u00e9ros m\u00e9connus.<\/p>\n\n\n\n<p>Sur BavarianFireHistory.com, je partage des d\u00e9couvertes, des analyses et des histoires qui \u00e9clairent non seulement le pass\u00e9, mais offrent \u00e9galement des perspectives sur les d\u00e9fis contemporains des services d&rsquo;urgence. Rejoignez cette aventure historique pour comprendre comment les pompiers bavarois du 19e si\u00e8cle ont non seulement combattu les flammes, mais ont \u00e9galement \u00e9t\u00e9 des acteurs cl\u00e9s dans le tissu social et politique de leur \u00e9poque.<\/p>\n\n\n\n<p><\/p>\n","protected":false},"excerpt":{"rendered":"<p>Plongez dans l&rsquo;histoire fascinante des pompiers de Bavi\u00e8re au 19e si\u00e8cle. D\u00e9couvrez un voyage unique \u00e0 travers le temps, o\u00f9 courage, innovation et changements sociaux se m\u00ealent pour fa\u00e7onner l&rsquo;identit\u00e9 et le r\u00f4le des pompiers dans une p\u00e9riode de transformations politiques et culturelles profondes. Mon projet de recherche, \u00ab\u00a0L&rsquo;\u00e9volution de l&rsquo;identit\u00e9 et du r\u00f4le des [&hellip;]<\/p>\n","protected":false},"author":1,"featured_media":0,"parent":0,"menu_order":0,"comment_status":"closed","ping_status":"open","template":"","meta":{"footnotes":""},"class_list":["post-2","page","type-page","status-publish","hentry"],"_links":{"self":[{"href":"https:\/\/bavarianfirehistory.com\/index.php\/wp-json\/wp\/v2\/pages\/2","targetHints":{"allow":["GET"]}}],"collection":[{"href":"https:\/\/bavarianfirehistory.com\/index.php\/wp-json\/wp\/v2\/pages"}],"about":[{"href":"https:\/\/bavarianfirehistory.com\/index.php\/wp-json\/wp\/v2\/types\/page"}],"author":[{"embeddable":true,"href":"https:\/\/bavarianfirehistory.com\/index.php\/wp-json\/wp\/v2\/users\/1"}],"replies":[{"embeddable":true,"href":"https:\/\/bavarianfirehistory.com\/index.php\/wp-json\/wp\/v2\/comments?post=2"}],"version-history":[{"count":6,"href":"https:\/\/bavarianfirehistory.com\/index.php\/wp-json\/wp\/v2\/pages\/2\/revisions"}],"predecessor-version":[{"id":178,"href":"https:\/\/bavarianfirehistory.com\/index.php\/wp-json\/wp\/v2\/pages\/2\/revisions\/178"}],"wp:attachment":[{"href":"https:\/\/bavarianfirehistory.com\/index.php\/wp-json\/wp\/v2\/media?parent=2"}],"curies":[{"name":"wp","href":"https:\/\/api.w.org\/{rel}","templated":true}]}}