{"id":21,"date":"2023-11-18T15:22:28","date_gmt":"2023-11-18T14:22:28","guid":{"rendered":"http:\/\/bavarianfirehistory.com\/?page_id=21"},"modified":"2024-04-20T13:34:31","modified_gmt":"2024-04-20T11:34:31","slug":"principaux-resultats-et-decouvertes","status":"publish","type":"page","link":"https:\/\/bavarianfirehistory.com\/index.php\/principaux-resultats-et-decouvertes\/","title":{"rendered":"Principaux r\u00e9sultats et d\u00e9couvertes"},"content":{"rendered":"\n<p><strong>Introduction<\/strong><\/p>\n\n\n\n<p>Bienvenue sur la page \u00ab\u00a0Principaux R\u00e9sultats et D\u00e9couvertes\u00a0\u00bb de mon projet de recherche doctorale. Ici, vous trouverez les points saillants et les d\u00e9couvertes majeures de mon \u00e9tude sur \u00ab\u00a0L&rsquo;\u00e9volution de l&rsquo;identit\u00e9 et du r\u00f4le des pompiers en Bavi\u00e8re au 19e si\u00e8cle\u00a0\u00bb.<\/p>\n\n\n\n<p><strong>Mise \u00e0 Jour Annuelle<\/strong><\/p>\n\n\n\n<p>Chaque fin d&rsquo;ann\u00e9e universitaire, cette page sera mise \u00e0 jour avec les principaux r\u00e9sultats et d\u00e9couvertes de ma recherche. Ces mises \u00e0 jour annuelles offriront un aper\u00e7u des avanc\u00e9es significatives et des moments cl\u00e9s de mon parcours de recherche.<\/p>\n\n\n\n<p><strong>Suivez les Mises \u00e0 Jour<\/strong><\/p>\n\n\n\n<p>Pour rester inform\u00e9 des derni\u00e8res avanc\u00e9es, suivez cette page ainsi que mes profils sur Facebook, LinkedIn et X (Twitter). Chaque mise \u00e0 jour sera partag\u00e9e sur ces plateformes pour garantir une large diffusion et encourager les discussions enrichissantes.<\/p>\n\n\n\n<p><strong>Interaction et Collaboration<\/strong><\/p>\n\n\n\n<p>Je vous invite \u00e0 interagir avec le contenu publi\u00e9 ici, \u00e0 partager vos id\u00e9es et \u00e0 contribuer \u00e0 un dialogue constructif. Vos perspectives et commentaires sont pr\u00e9cieux et peuvent ouvrir de nouvelles pistes de r\u00e9flexion.<\/p>\n\n\n\n<p><strong>Prochaine Publication<\/strong><\/p>\n\n\n\n<p>La premi\u00e8re mise \u00e0 jour de cette page est pr\u00e9vue pour la fin de l&rsquo;ann\u00e9e universitaire en cours. Pr\u00e9parez-vous \u00e0 d\u00e9couvrir ces r\u00e9sultats et des d\u00e9couvertes qui \u00e9clairent l&rsquo;histoire et l&rsquo;\u00e9volution des pompiers en Bavi\u00e8re.<\/p>\n","protected":false},"excerpt":{"rendered":"<p>Introduction Bienvenue sur la page \u00ab\u00a0Principaux R\u00e9sultats et D\u00e9couvertes\u00a0\u00bb de mon projet de recherche doctorale. Ici, vous trouverez les points saillants et les d\u00e9couvertes majeures de mon \u00e9tude sur \u00ab\u00a0L&rsquo;\u00e9volution de l&rsquo;identit\u00e9 et du r\u00f4le des pompiers en Bavi\u00e8re au 19e si\u00e8cle\u00a0\u00bb. Mise \u00e0 Jour Annuelle Chaque fin d&rsquo;ann\u00e9e universitaire, cette page sera mise \u00e0 [&hellip;]<\/p>\n","protected":false},"author":1,"featured_media":0,"parent":0,"menu_order":0,"comment_status":"closed","ping_status":"closed","template":"","meta":{"footnotes":""},"class_list":["post-21","page","type-page","status-publish","hentry"],"_links":{"self":[{"href":"https:\/\/bavarianfirehistory.com\/index.php\/wp-json\/wp\/v2\/pages\/21","targetHints":{"allow":["GET"]}}],"collection":[{"href":"https:\/\/bavarianfirehistory.com\/index.php\/wp-json\/wp\/v2\/pages"}],"about":[{"href":"https:\/\/bavarianfirehistory.com\/index.php\/wp-json\/wp\/v2\/types\/page"}],"author":[{"embeddable":true,"href":"https:\/\/bavarianfirehistory.com\/index.php\/wp-json\/wp\/v2\/users\/1"}],"replies":[{"embeddable":true,"href":"https:\/\/bavarianfirehistory.com\/index.php\/wp-json\/wp\/v2\/comments?post=21"}],"version-history":[{"count":3,"href":"https:\/\/bavarianfirehistory.com\/index.php\/wp-json\/wp\/v2\/pages\/21\/revisions"}],"predecessor-version":[{"id":179,"href":"https:\/\/bavarianfirehistory.com\/index.php\/wp-json\/wp\/v2\/pages\/21\/revisions\/179"}],"wp:attachment":[{"href":"https:\/\/bavarianfirehistory.com\/index.php\/wp-json\/wp\/v2\/media?parent=21"}],"curies":[{"name":"wp","href":"https:\/\/api.w.org\/{rel}","templated":true}]}}