{"id":228,"date":"2024-11-22T10:23:30","date_gmt":"2024-11-22T09:23:30","guid":{"rendered":"https:\/\/bavarianfirehistory.com\/?page_id=228"},"modified":"2024-11-22T13:23:45","modified_gmt":"2024-11-22T12:23:45","slug":"les-archives-de-haute-baviere","status":"publish","type":"page","link":"https:\/\/bavarianfirehistory.com\/index.php\/les-archives-de-haute-baviere\/","title":{"rendered":"Les Archives de Haute-Bavi\u00e8re"},"content":{"rendered":"\n<figure class=\"wp-block-table\"><table class=\"has-fixed-layout\"><thead><tr><th>Commune<\/th><th>Co\u00fbt estim\u00e9<\/th><th>Documents<\/th><\/tr><\/thead><tbody><tr><td>F\u00fcrstenfeldbruck<br><a href=\"https:\/\/www.fuerstenfeldbruck.de\/ffb\/web.nsf\/id\/pa_stadtarchiv.html\" target=\"_blank\" rel=\"noreferrer noopener\">Page web<\/a><\/td><td>32 \u20ac \/ heure<br>estimation : 10 heures<br>320 \u20ac environ<\/td><td><\/td><\/tr><tr><td>Ottobrunn<br><a href=\"https:\/\/www.ottobrunn.de\/rathaus-buergerservice\/rathaus\/was-erledige-ich-wo\/detail\/kommunales-archiv-beantragung-der-nutzung-von-archivgut-327\" target=\"_blank\" rel=\"noreferrer noopener\">Page web<\/a><\/td><td>Pas d&rsquo;archive sur les pompiers<\/td><td><\/td><\/tr><tr><td>Krailing<br><a href=\"https:\/\/www.arhista.de\/gemeindearchive\/krailling\/\" target=\"_blank\" rel=\"noreferrer noopener\">Krailing<\/a><\/td><td>Message transmis aux pompiers<\/td><td><\/td><\/tr><tr><td>Starnberg<br><a href=\"https:\/\/www.starnberg.de\/kultur-freizeit\/stadtarchiv-starnberg\/stadtarchiv-starnberg\" target=\"_blank\" rel=\"noreferrer noopener\">Page web<\/a><\/td><td>50,00 \u20ac la 1\/2 heure de recherche<br>1,00 \u20ac par copie<br>5,00 \u20ac pour un envoi par mail<br>1000,00 \u20ac environ<\/td><td><a href=\"http:\/\/bavarianfirehistory.com\/wp-content\/uploads\/2024\/11\/unterschriebene_Gebuehrensatzung.pdf\" data-type=\"link\" data-id=\"http:\/\/bavarianfirehistory.com\/wp-content\/uploads\/2024\/11\/unterschriebene_Gebuehrensatzung.pdf\" target=\"_blank\" rel=\"noreferrer noopener\">Tarifs<\/a><\/td><\/tr><tr><td>Bad T\u00f6lz<br><a href=\"https:\/\/stadt.bad-toelz.de\/leben-bildung-freizeit\/kultureinrichtungen-der-stadt\/stadtarchiv\" target=\"_blank\" rel=\"noreferrer noopener\">Page web<\/a><\/td><td>\u00e0 d\u00e9terminer <\/td><td><a href=\"http:\/\/bavarianfirehistory.com\/wp-content\/uploads\/2024\/11\/Feuerwehr-Trefferliste.pdf\" target=\"_blank\" rel=\"noreferrer noopener\">Entr\u00e9es dans la base de donn\u00e9es<\/a><\/td><\/tr><tr><td>Dachau<br><a href=\"https:\/\/www.dachau.de\/rathaus\/aemter\/aemter-und-abteilungen\/amt-fuer-kultur-tourismus-und-zeitgeschichte\/abteilung-stadtarchiv.html\" target=\"_blank\" rel=\"noreferrer noopener\">Page web<\/a><\/td><td>20 \u20ac la demie-heure de recherche <br>1 \u20ac la copie<br>3 \u20ac l&rsquo;envoi (pas d&rsquo;envoi \u00e9lectronique)<br>500 \u20ac environ <\/td><td><a href=\"http:\/\/bavarianfirehistory.com\/wp-content\/uploads\/2024\/11\/StadtADah-Feuerwehr.pdf\" target=\"_blank\" rel=\"noreferrer noopener\">Documents disponibles<\/a><br><br><a href=\"http:\/\/bavarianfirehistory.com\/wp-content\/uploads\/2024\/11\/Benutzerantrag.pdf\" target=\"_blank\" rel=\"noreferrer noopener\">Formulaire de demande<\/a><\/td><\/tr><tr><td>Neuburg an der Donau<br><a href=\"https:\/\/www.neuburg-donau.de\/rathaus\/stadtarchiv\" target=\"_blank\" rel=\"noreferrer noopener\">Page web<\/a><\/td><td>Archives inaccessibles jusqu&rsquo;en 2026<\/td><td><\/td><\/tr><tr><td>Rosenheim<br><a href=\"https:\/\/www.stadtarchiv.de\/\" target=\"_blank\" rel=\"noreferrer noopener\">Page web<\/a><\/td><td><\/td><td>Ouvrage <a href=\"https:\/\/www.booklooker.de\/B%C3%BCcher\/G%C3%BCnter-Reichelt+Zu-bannen-des-Feuers-Macht-150-Jahre-Freiwillige-Feuerwehr-Rosenheim-1860-2010\/id\/A02Gx2Bd01ZZu\" target=\"_blank\" rel=\"noreferrer noopener\">Zu bannen des Feuers Macht. 150 Jahre Freiwillige Feuerwehr Rosenheim 1860 &#8211; 2010<\/a><br><br><a href=\"http:\/\/iserver.stadtarchiv.de\/\" target=\"_blank\" rel=\"noreferrer noopener\">Online Datenbank<\/a><\/td><\/tr><tr><td>Ebersberg<br><a href=\"https:\/\/www.ebersberg.de\/deutsch\/kultur-geschichte\/stadtarchiv.html\" target=\"_blank\" rel=\"noreferrer noopener\">Page web<\/a><\/td><td>Pas de r\u00e9ponse<\/td><td><\/td><\/tr><tr><td>Moosburg an der Isar<br><a href=\"https:\/\/stalag-moosburg.de\/dokumentationen\/archive\/\" target=\"_blank\" rel=\"noreferrer noopener\">Page web<\/a><\/td><td>Pas de r\u00e9ponse<\/td><td><\/td><\/tr><tr><td>Pfaffenhoen a. d. Ilm<br><a href=\"https:\/\/pfaffenhofen.de\/artikel\/stadtarchiv\/\" target=\"_blank\" rel=\"noreferrer noopener\">Page web<\/a><\/td><td>Pas de r\u00e9ponse<\/td><td><\/td><\/tr><tr><td>Weilheim i.OB<br><a href=\"https:\/\/www.weilheim.de\/mein-weilheim\/kultur-sport\/stadtarchiv\" target=\"_blank\" rel=\"noreferrer noopener\">Page web<\/a><\/td><td>Pas de r\u00e9ponse<\/td><td><\/td><\/tr><tr><td>Unterschlei\u00dfheim<br><a href=\"https:\/\/www.unterschleissheim.de\/kultur-freizeit-sport\/stadtarchiv.html\" target=\"_blank\" rel=\"noreferrer noopener\">Page web<\/a><\/td><td>Pas de r\u00e9ponse<\/td><td><\/td><\/tr><tr><td>Erding<br><a href=\"https:\/\/www.erding.de\/rathaus-buerger-service\/verwaltungsgliederung-a-z\/stadtarchiv\" target=\"_blank\" rel=\"noreferrer noopener\">Page web<\/a><\/td><td>Pas de r\u00e9ponse<\/td><td><\/td><\/tr><tr><td>Freising<br><a href=\"https:\/\/www.freising.de\/kultur-freizeit\/stadtarchiv\" target=\"_blank\" rel=\"noreferrer noopener\">Page web<\/a><\/td><td>Pas de r\u00e9ponse<\/td><td><\/td><\/tr><\/tbody><\/table><\/figure>\n","protected":false},"excerpt":{"rendered":"<p>Commune Co\u00fbt estim\u00e9 Documents F\u00fcrstenfeldbruckPage web 32 \u20ac \/ heureestimation : 10 heures320 \u20ac environ OttobrunnPage web Pas d&rsquo;archive sur les pompiers KrailingKrailing Message transmis aux pompiers StarnbergPage web 50,00 \u20ac la 1\/2 heure de recherche1,00 \u20ac par copie5,00 \u20ac pour un envoi par mail1000,00 \u20ac environ Tarifs Bad T\u00f6lzPage web \u00e0 d\u00e9terminer Entr\u00e9es dans [&hellip;]<\/p>\n","protected":false},"author":1,"featured_media":0,"parent":0,"menu_order":0,"comment_status":"closed","ping_status":"closed","template":"","meta":{"footnotes":""},"class_list":["post-228","page","type-page","status-publish","hentry"],"_links":{"self":[{"href":"https:\/\/bavarianfirehistory.com\/index.php\/wp-json\/wp\/v2\/pages\/228","targetHints":{"allow":["GET"]}}],"collection":[{"href":"https:\/\/bavarianfirehistory.com\/index.php\/wp-json\/wp\/v2\/pages"}],"about":[{"href":"https:\/\/bavarianfirehistory.com\/index.php\/wp-json\/wp\/v2\/types\/page"}],"author":[{"embeddable":true,"href":"https:\/\/bavarianfirehistory.com\/index.php\/wp-json\/wp\/v2\/users\/1"}],"replies":[{"embeddable":true,"href":"https:\/\/bavarianfirehistory.com\/index.php\/wp-json\/wp\/v2\/comments?post=228"}],"version-history":[{"count":7,"href":"https:\/\/bavarianfirehistory.com\/index.php\/wp-json\/wp\/v2\/pages\/228\/revisions"}],"predecessor-version":[{"id":267,"href":"https:\/\/bavarianfirehistory.com\/index.php\/wp-json\/wp\/v2\/pages\/228\/revisions\/267"}],"wp:attachment":[{"href":"https:\/\/bavarianfirehistory.com\/index.php\/wp-json\/wp\/v2\/media?parent=228"}],"curies":[{"name":"wp","href":"https:\/\/api.w.org\/{rel}","templated":true}]}}