{"id":23,"date":"2023-11-18T15:23:03","date_gmt":"2023-11-18T14:23:03","guid":{"rendered":"http:\/\/bavarianfirehistory.com\/?page_id=23"},"modified":"2024-11-23T17:13:12","modified_gmt":"2024-11-23T16:13:12","slug":"mon-parcours-academique-et-professionnel","status":"publish","type":"page","link":"https:\/\/bavarianfirehistory.com\/index.php\/mon-parcours-academique-et-professionnel\/","title":{"rendered":"\u00c0 Propos de Nicolas Folio"},"content":{"rendered":"\n<h3 class=\"wp-block-heading\"><\/h3>\n\n\n\n<p><strong>Chef de centre de secours principal, Doctorant en civilisation allemande, Pr\u00e9sident d&rsquo;association<\/strong><\/p>\n\n\n\n<hr class=\"wp-block-separator has-alpha-channel-opacity\"\/>\n\n\n\n<h4 class=\"wp-block-heading\">Coordonn\u00e9es<\/h4>\n\n\n\n<div class=\"wp-block-group\"><div class=\"wp-block-group__inner-container is-layout-constrained wp-block-group-is-layout-constrained\">\n<div class=\"wp-block-columns is-layout-flex wp-container-core-columns-is-layout-9d6595d7 wp-block-columns-is-layout-flex\">\n<div class=\"wp-block-column is-layout-flow wp-block-column-is-layout-flow\" style=\"flex-basis:100%\">\n<ul class=\"wp-block-list\">\n<li><strong>T\u00e9l\u00e9phone <\/strong>: +262 (0)6 93 31 60 55<\/li>\n\n\n\n<li><strong>Email<\/strong>: <a href=\"mailto:nicolas.folio@bavarianfirehistory.com\">nicolas.folio@bavarianfirehistory.com<\/a><\/li>\n\n\n\n<li><strong>LinkedIn<\/strong>: <a href=\"https:\/\/www.linkedin.com\/in\/nicolas-folio\" target=\"_blank\" rel=\"noreferrer noopener\">Nicolas Folio<\/a><\/li>\n<\/ul>\n<\/div>\n<\/div>\n<\/div><\/div>\n\n\n\n<h4 class=\"wp-block-heading\">Profil Professionnel<\/h4>\n\n\n\n<div class=\"wp-block-columns is-layout-flex wp-container-core-columns-is-layout-9d6595d7 wp-block-columns-is-layout-flex\">\n<div class=\"wp-block-column is-layout-flow wp-block-column-is-layout-flow\" style=\"flex-basis:50%\">\n<p>Avec pr\u00e8s de 30 ans d&rsquo;exp\u00e9rience en tant que sapeur-pompier, je me suis sp\u00e9cialis\u00e9 dans le management op\u00e9rationnel, la gestion de projet et la formation. Actuellement, je dirige le centre de secours principal de Saint-Pierre au sein du SDIS de La R\u00e9union, o\u00f9 je g\u00e8re une \u00e9quipe de 150 pompiers. Mon parcours m&rsquo;a \u00e9galement men\u00e9 \u00e0 des postes cl\u00e9s au sein de la brigade de sapeurs-pompiers de Paris, notamment en tant que commandant de compagnie d&rsquo;incendie ou encore officier traitant au bureau \u00e9tudes et prospective.<\/p>\n<\/div>\n\n\n\n<div class=\"wp-block-column is-layout-flow wp-block-column-is-layout-flow\" style=\"flex-basis:50%\">\n<figure class=\"wp-block-image size-large\"><img loading=\"lazy\" decoding=\"async\" width=\"682\" height=\"1024\" src=\"https:\/\/bavarianfirehistory.com\/wp-content\/uploads\/2024\/11\/1000004819-682x1024.jpg\" alt=\"\" class=\"wp-image-268\" srcset=\"https:\/\/bavarianfirehistory.com\/wp-content\/uploads\/2024\/11\/1000004819-682x1024.jpg 682w, https:\/\/bavarianfirehistory.com\/wp-content\/uploads\/2024\/11\/1000004819-200x300.jpg 200w, https:\/\/bavarianfirehistory.com\/wp-content\/uploads\/2024\/11\/1000004819-768x1154.jpg 768w, https:\/\/bavarianfirehistory.com\/wp-content\/uploads\/2024\/11\/1000004819.jpg 852w\" sizes=\"auto, (max-width: 682px) 100vw, 682px\" \/><\/figure>\n<\/div>\n<\/div>\n\n\n\n<h4 class=\"wp-block-heading\">Comp\u00e9tences Cl\u00e9s<\/h4>\n\n\n\n<ul class=\"wp-block-list\">\n<li><strong>Gestion de l&rsquo;urgence<\/strong><\/li>\n\n\n\n<li><strong>P\u00e9dagogie<\/strong><\/li>\n\n\n\n<li><strong>Management<\/strong><\/li>\n\n\n\n<li><strong>Gestion de Projet<\/strong><\/li>\n<\/ul>\n\n\n\n<h4 class=\"wp-block-heading\">Langues<\/h4>\n\n\n\n<ul class=\"wp-block-list\">\n<li><strong>Anglais<\/strong> (Full Professional)<\/li>\n\n\n\n<li><strong>Portugais<\/strong> (Professional Working)<\/li>\n\n\n\n<li><strong>Fran\u00e7ais<\/strong> (Native or Bilingual)<\/li>\n\n\n\n<li><strong>Cr\u00e9ole r\u00e9unionnais<\/strong> (Native or Bilingual)<\/li>\n\n\n\n<li><strong>Allemand<\/strong> (Full Professional)<\/li>\n<\/ul>\n\n\n\n<h4 class=\"wp-block-heading\">Certifications<\/h4>\n\n\n\n<ul class=\"wp-block-list\">\n<li>Certificat militaire de langue allemande 3e degr\u00e9 (\u00e9crit et parl\u00e9)<\/li>\n\n\n\n<li>Certificat militaire de langue anglaise 3e degr\u00e9 (\u00e9crit et parl\u00e9)<\/li>\n\n\n\n<li>Responsable en management op\u00e9rationnel (II-346p)<\/li>\n\n\n\n<li>Certificat militaire de langue portugaise 2e degr\u00e9 (\u00e9crit et parl\u00e9)<\/li>\n\n\n\n<li>Officer Cadet Course \/ Peace Support Operations<\/li>\n<\/ul>\n\n\n\n<h4 class=\"wp-block-heading\">Honneurs et R\u00e9compenses<\/h4>\n\n\n\n<ul class=\"wp-block-list\">\n<li>Prix Krebs (innovation) : 1er et 2e prix<\/li>\n\n\n\n<li>3e prix du concours \u00ab\u00a0Promotion de l&rsquo;\u00e9thique professionnelle\u00a0\u00bb<\/li>\n<\/ul>\n\n\n\n<h4 class=\"wp-block-heading\">Publications<\/h4>\n\n\n\n<ul class=\"wp-block-list\">\n<li>\u00ab\u00a0Le chef face au stress &#8211; L&rsquo;exp\u00e9rience op\u00e9rationnelle des sapeurs-pompiers de Paris\u00a0\u00bb<\/li>\n\n\n\n<li>\u00ab\u00a0Le Pompier de New York &#8211; H\u00e9ros du XIXe si\u00e8cle\u00a0\u00bb<\/li>\n\n\n\n<li>\u00ab\u00a0Le r\u00f4le des secours en cas d&rsquo;attentat terroriste\u00a0\u00bb<\/li>\n<\/ul>\n\n\n\n<h4 class=\"wp-block-heading\">Exp\u00e9rience Acad\u00e9mique<\/h4>\n\n\n\n<p>En tant que passionn\u00e9 de langues et de civilisations \u00e9trang\u00e8res, je suis actuellement doctorant en civilisation allemande, sur le th\u00e8me de l&rsquo;histoire des pompiers de Bavi\u00e8re au XIXe si\u00e8cle. J&rsquo;enseigne \u00e9galement \u00e0 l&rsquo;Universit\u00e9 de La R\u00e9union, couvrant des domaines vari\u00e9s tels que l&rsquo;allemand, l&rsquo;anglais, l&rsquo;histoire, et la s\u00e9curit\u00e9.<\/p>\n\n\n\n<h4 class=\"wp-block-heading\">Exp\u00e9rience en Enseignement<\/h4>\n\n\n\n<ul class=\"wp-block-list\">\n<li>Charg\u00e9 d&rsquo;enseignement vacataire en master \u00ab\u00a0Risques et environnement\u00a0\u00bb \u00e0 l&rsquo;Universit\u00e9 de La R\u00e9union.<\/li>\n\n\n\n<li>Enseignant en anglais, histoire, et allemand, avec un accent particulier sur les dynamiques politiques, sociales, et culturelles de l&rsquo;Europe au XIXe si\u00e8cle.<\/li>\n<\/ul>\n\n\n\n<h4 class=\"wp-block-heading\">Exp\u00e9rience en D\u00e9veloppement Web et Applications<\/h4>\n\n\n\n<ul class=\"wp-block-list\">\n<li>Webmaster b\u00e9n\u00e9vole pour divers sites commerciaux et institutionnels.<\/li>\n\n\n\n<li>D\u00e9veloppeur d&rsquo;applications en PHP, Visual C++, VBA, et OoBasic.<\/li>\n<\/ul>\n\n\n\n<h4 class=\"wp-block-heading\">Formation<\/h4>\n\n\n\n<ul class=\"wp-block-list\">\n<li>Doctorat en recherche, Civilisation allemande, Universit\u00e9 Paris X Nanterre (Pr\u00e9vu 2026)<\/li>\n\n\n\n<li>Master 2, Monde anglophone, Universit\u00e9 Rennes 2<\/li>\n\n\n\n<li>Master 2, Langue et litt\u00e9rature allemandes, Universit\u00e9 Paris X Nanterre<\/li>\n\n\n\n<li>Licence d&rsquo;histoire \u00e0 l&rsquo;universit\u00e9 de Paris Sorbonne<\/li>\n\n\n\n<li>BTS d&rsquo;informatique de gestion, option d\u00e9veloppeur d&rsquo;applications<\/li>\n<\/ul>\n","protected":false},"excerpt":{"rendered":"<p>Chef de centre de secours principal, Doctorant en civilisation allemande, Pr\u00e9sident d&rsquo;association Coordonn\u00e9es Profil Professionnel Avec pr\u00e8s de 30 ans d&rsquo;exp\u00e9rience en tant que sapeur-pompier, je me suis sp\u00e9cialis\u00e9 dans le management op\u00e9rationnel, la gestion de projet et la formation. Actuellement, je dirige le centre de secours principal de Saint-Pierre au sein du SDIS de [&hellip;]<\/p>\n","protected":false},"author":1,"featured_media":0,"parent":0,"menu_order":0,"comment_status":"closed","ping_status":"closed","template":"","meta":{"footnotes":""},"class_list":["post-23","page","type-page","status-publish","hentry"],"_links":{"self":[{"href":"https:\/\/bavarianfirehistory.com\/index.php\/wp-json\/wp\/v2\/pages\/23","targetHints":{"allow":["GET"]}}],"collection":[{"href":"https:\/\/bavarianfirehistory.com\/index.php\/wp-json\/wp\/v2\/pages"}],"about":[{"href":"https:\/\/bavarianfirehistory.com\/index.php\/wp-json\/wp\/v2\/types\/page"}],"author":[{"embeddable":true,"href":"https:\/\/bavarianfirehistory.com\/index.php\/wp-json\/wp\/v2\/users\/1"}],"replies":[{"embeddable":true,"href":"https:\/\/bavarianfirehistory.com\/index.php\/wp-json\/wp\/v2\/comments?post=23"}],"version-history":[{"count":9,"href":"https:\/\/bavarianfirehistory.com\/index.php\/wp-json\/wp\/v2\/pages\/23\/revisions"}],"predecessor-version":[{"id":269,"href":"https:\/\/bavarianfirehistory.com\/index.php\/wp-json\/wp\/v2\/pages\/23\/revisions\/269"}],"wp:attachment":[{"href":"https:\/\/bavarianfirehistory.com\/index.php\/wp-json\/wp\/v2\/media?parent=23"}],"curies":[{"name":"wp","href":"https:\/\/api.w.org\/{rel}","templated":true}]}}