{"id":245,"date":"2024-11-22T10:37:41","date_gmt":"2024-11-22T09:37:41","guid":{"rendered":"https:\/\/bavarianfirehistory.com\/?page_id=245"},"modified":"2024-11-22T10:37:42","modified_gmt":"2024-11-22T09:37:42","slug":"bayerische-gemeindearchive-und-historische-forschung-ein-erganzender-ansatz","status":"publish","type":"page","link":"https:\/\/bavarianfirehistory.com\/index.php\/de\/bayerische-gemeindearchive-und-historische-forschung-ein-erganzender-ansatz\/","title":{"rendered":"Bayerische Gemeindearchive und historische Forschung: Ein erg\u00e4nzender Ansatz"},"content":{"rendered":"\n<p>Im Rahmen meiner Doktorarbeit \u00fcber die Entwicklung der Identit\u00e4t und Rolle der Feuerwehr im Bayern des 19. Jahrhunderts spielen die Gemeindearchive eine zentrale Rolle. Diese Institutionen bewahren wertvolle Dokumente, die von der Organisation, den Praktiken und den Herausforderungen der Feuerwehren dieser Zeit zeugen.<\/p>\n\n\n\n<p>Diese Recherche erg\u00e4nzt die Arbeiten, die ich bereits vor Ort in einigen Gemeindearchiven sowie in den Bayerischen Staatsarchiven und der Bayerischen Staatsbibliothek durchgef\u00fchrt habe. Diese bedeutenden Institutionen haben mir Zugang zu einer F\u00fclle von Informationen erm\u00f6glicht, aber der Zugang zu lokalen Archiven ist unerl\u00e4sslich, um die Studie zu vertiefen und die spezifischen Gegebenheiten jeder Gemeinde besser zu verstehen.<\/p>\n\n\n\n<p>Auf dieser Seite teile ich die Ergebnisse meiner Anfragen an die Gemeindearchive: die kontaktierten Institutionen, die erhaltenen Antworten, die erhaltenen Dokumente und die damit verbundenen Kosten. Diese Transparenz soll meinen Forschungsprozess nachvollziehbar machen und zugleich eine hilfreiche Ressource f\u00fcr Forscher und Geschichtsinteressierte bieten, die \u00e4hnliche Wege einschlagen m\u00f6chten.<\/p>\n\n\n\n<p>Ich m\u00f6chte den Archivteams meinen Dank aussprechen, die durch ihre Verf\u00fcgbarkeit und ihr Fachwissen dazu beitragen, diese wertvollen Fragmente unseres kollektiven Ged\u00e4chtnisses zu bewahren und weiterzugeben.<\/p>\n\n\n\n<p><a href=\"https:\/\/bavarianfirehistory.com\/index.php\/de\/die-archive-von-oberbayern\/\" data-type=\"page\" data-id=\"243\">Die Archive von Oberbayern<\/a><\/p>\n","protected":false},"excerpt":{"rendered":"<p>Im Rahmen meiner Doktorarbeit \u00fcber die Entwicklung der Identit\u00e4t und Rolle der Feuerwehr im Bayern des 19. Jahrhunderts spielen die Gemeindearchive eine zentrale Rolle. Diese Institutionen bewahren wertvolle Dokumente, die von der Organisation, den Praktiken und den Herausforderungen der Feuerwehren dieser Zeit zeugen. Diese Recherche erg\u00e4nzt die Arbeiten, die ich bereits vor Ort in einigen [&hellip;]<\/p>\n","protected":false},"author":1,"featured_media":0,"parent":0,"menu_order":0,"comment_status":"closed","ping_status":"closed","template":"","meta":{"footnotes":""},"class_list":["post-245","page","type-page","status-publish","hentry"],"_links":{"self":[{"href":"https:\/\/bavarianfirehistory.com\/index.php\/wp-json\/wp\/v2\/pages\/245","targetHints":{"allow":["GET"]}}],"collection":[{"href":"https:\/\/bavarianfirehistory.com\/index.php\/wp-json\/wp\/v2\/pages"}],"about":[{"href":"https:\/\/bavarianfirehistory.com\/index.php\/wp-json\/wp\/v2\/types\/page"}],"author":[{"embeddable":true,"href":"https:\/\/bavarianfirehistory.com\/index.php\/wp-json\/wp\/v2\/users\/1"}],"replies":[{"embeddable":true,"href":"https:\/\/bavarianfirehistory.com\/index.php\/wp-json\/wp\/v2\/comments?post=245"}],"version-history":[{"count":1,"href":"https:\/\/bavarianfirehistory.com\/index.php\/wp-json\/wp\/v2\/pages\/245\/revisions"}],"predecessor-version":[{"id":246,"href":"https:\/\/bavarianfirehistory.com\/index.php\/wp-json\/wp\/v2\/pages\/245\/revisions\/246"}],"wp:attachment":[{"href":"https:\/\/bavarianfirehistory.com\/index.php\/wp-json\/wp\/v2\/media?parent=245"}],"curies":[{"name":"wp","href":"https:\/\/api.w.org\/{rel}","templated":true}]}}