{"id":25,"date":"2023-11-18T15:23:21","date_gmt":"2023-11-18T14:23:21","guid":{"rendered":"http:\/\/bavarianfirehistory.com\/?page_id=25"},"modified":"2023-12-30T10:04:57","modified_gmt":"2023-12-30T09:04:57","slug":"contact","status":"publish","type":"page","link":"https:\/\/bavarianfirehistory.com\/index.php\/contact\/","title":{"rendered":"Contact"},"content":{"rendered":"\n<p><strong>Bienvenue sur la Page de Contact<\/strong><\/p>\n\n\n\n<p>Je vous remercie de l&rsquo;int\u00e9r\u00eat que vous portez \u00e0 mon projet de recherche sur \u00ab\u00a0L&rsquo;\u00e9volution de l&rsquo;identit\u00e9 et du r\u00f4le des pompiers en Bavi\u00e8re au 19e si\u00e8cle\u00a0\u00bb. Si vous avez des questions, des suggestions, ou si vous souhaitez simplement discuter de ce sujet fascinant, n&rsquo;h\u00e9sitez pas \u00e0 me contacter.<\/p>\n\n\n\n<p><strong>Coordonn\u00e9es<\/strong><\/p>\n\n\n\n<ul class=\"wp-block-list\">\n<li><strong>Email :<\/strong> <a href=\"mailto:nicolas.folio@bavarianfirehistory.com\" data-type=\"mailto\" data-id=\"mailto:nicolas.folio@bavarianfirehistory.com\">nicolas.folio@bavarianfirehistory.com<\/a><\/li>\n\n\n\n<li><strong>T\u00e9l\u00e9phone :<\/strong> +262 (0)6 93 31 60 55<\/li>\n<\/ul>\n\n\n\n<p><strong>R\u00e9seaux Sociaux et Professionnels<\/strong><\/p>\n\n\n\n<ul class=\"wp-block-list\">\n<li><strong>LinkedIn :<\/strong> <a href=\"http:\/\/www.linkedin.com\/in\/nicolas-folio\" target=\"_blank\" rel=\"noreferrer noopener\">nicolas-folio<\/a><\/li>\n\n\n\n<li><strong>Facebook :<\/strong> <a href=\"https:\/\/www.facebook.com\/Histoiredepompier\/\" target=\"_blank\" rel=\"noreferrer noopener\">Histoiredepompier<\/a><\/li>\n\n\n\n<li><strong>X :<\/strong> <a href=\"https:\/\/twitter.com\/Nicolas_Folio\" target=\"_blank\" rel=\"noreferrer noopener\">Nicolas_Folio<\/a><\/li>\n\n\n\n<li><strong>Xing :<\/strong> <a href=\"https:\/\/www.xing.com\/profile\/Nicolas_FOLIO\" target=\"_blank\" rel=\"noreferrer noopener\">Nicolas_FOLIO<\/a><\/li>\n\n\n\n<li><strong>Academia.edu :<\/strong> <a href=\"https:\/\/u-paris10.academia.edu\/NicolasFOLIO\">Nicolas FOLIO | Universit\u00e9 Paris Nanterre &#8211; Academia.edu<\/a><\/li>\n<\/ul>\n\n\n\n<p><strong>Engagement de R\u00e9ponse<\/strong><\/p>\n\n\n\n<p>Je m&rsquo;engage \u00e0 r\u00e9pondre \u00e0 toutes les demandes. Votre curiosit\u00e9 et votre engagement dans ce domaine de recherche sont tr\u00e8s appr\u00e9ci\u00e9s.<\/p>\n\n\n\n<p><strong>Confidentialit\u00e9<\/strong><\/p>\n\n\n\n<p>Vos informations de contact seront trait\u00e9es avec la plus grande confidentialit\u00e9 et ne seront utilis\u00e9es que pour r\u00e9pondre \u00e0 votre demande.<\/p>\n","protected":false},"excerpt":{"rendered":"<p>Bienvenue sur la Page de Contact Je vous remercie de l&rsquo;int\u00e9r\u00eat que vous portez \u00e0 mon projet de recherche sur \u00ab\u00a0L&rsquo;\u00e9volution de l&rsquo;identit\u00e9 et du r\u00f4le des pompiers en Bavi\u00e8re au 19e si\u00e8cle\u00a0\u00bb. Si vous avez des questions, des suggestions, ou si vous souhaitez simplement discuter de ce sujet fascinant, n&rsquo;h\u00e9sitez pas \u00e0 me contacter. [&hellip;]<\/p>\n","protected":false},"author":1,"featured_media":0,"parent":0,"menu_order":0,"comment_status":"closed","ping_status":"closed","template":"","meta":{"footnotes":""},"class_list":["post-25","page","type-page","status-publish","hentry"],"_links":{"self":[{"href":"https:\/\/bavarianfirehistory.com\/index.php\/wp-json\/wp\/v2\/pages\/25","targetHints":{"allow":["GET"]}}],"collection":[{"href":"https:\/\/bavarianfirehistory.com\/index.php\/wp-json\/wp\/v2\/pages"}],"about":[{"href":"https:\/\/bavarianfirehistory.com\/index.php\/wp-json\/wp\/v2\/types\/page"}],"author":[{"embeddable":true,"href":"https:\/\/bavarianfirehistory.com\/index.php\/wp-json\/wp\/v2\/users\/1"}],"replies":[{"embeddable":true,"href":"https:\/\/bavarianfirehistory.com\/index.php\/wp-json\/wp\/v2\/comments?post=25"}],"version-history":[{"count":4,"href":"https:\/\/bavarianfirehistory.com\/index.php\/wp-json\/wp\/v2\/pages\/25\/revisions"}],"predecessor-version":[{"id":151,"href":"https:\/\/bavarianfirehistory.com\/index.php\/wp-json\/wp\/v2\/pages\/25\/revisions\/151"}],"wp:attachment":[{"href":"https:\/\/bavarianfirehistory.com\/index.php\/wp-json\/wp\/v2\/media?parent=25"}],"curies":[{"name":"wp","href":"https:\/\/api.w.org\/{rel}","templated":true}]}}