{"id":27,"date":"2023-11-18T15:23:42","date_gmt":"2023-11-18T14:23:42","guid":{"rendered":"http:\/\/bavarianfirehistory.com\/?page_id=27"},"modified":"2023-12-29T10:27:48","modified_gmt":"2023-12-29T09:27:48","slug":"publications","status":"publish","type":"page","link":"https:\/\/bavarianfirehistory.com\/index.php\/publications\/","title":{"rendered":"Publications"},"content":{"rendered":"\n<p>Cette section est d\u00e9di\u00e9e aux publications imprim\u00e9es que je r\u00e9aliserai dans le cadre de mes recherches sur \u00ab L\u2019\u00e9volution de l\u2019identit\u00e9 et du r\u00f4le des pompiers en Bavi\u00e8re au 19e si\u00e8cle \u00bb.<\/p>\n\n\n\n<p>Actuellement, cette page est en cours de d\u00e9veloppement. Dans un avenir proche, vous y trouverez des r\u00e9f\u00e9rences \u00e0 des articles, des livres et d&rsquo;autres publications imprim\u00e9es qui refl\u00e8tent les avanc\u00e9es et les d\u00e9couvertes significatives de mon travail de recherche.<\/p>\n\n\n\n<p>Je vous invite \u00e0 revenir r\u00e9guli\u00e8rement pour d\u00e9couvrir les mises \u00e0 jour et explorer les contributions que j&rsquo;ai apport\u00e9es au domaine de l&rsquo;histoire des services d&rsquo;urgence et de la culture bavaroise.<\/p>\n\n\n\n<p>Merci pour votre int\u00e9r\u00eat et votre soutien continu !<\/p>\n","protected":false},"excerpt":{"rendered":"<p>Cette section est d\u00e9di\u00e9e aux publications imprim\u00e9es que je r\u00e9aliserai dans le cadre de mes recherches sur \u00ab L\u2019\u00e9volution de l\u2019identit\u00e9 et du r\u00f4le des pompiers en Bavi\u00e8re au 19e si\u00e8cle \u00bb. Actuellement, cette page est en cours de d\u00e9veloppement. Dans un avenir proche, vous y trouverez des r\u00e9f\u00e9rences \u00e0 des articles, des livres et [&hellip;]<\/p>\n","protected":false},"author":1,"featured_media":0,"parent":0,"menu_order":0,"comment_status":"closed","ping_status":"closed","template":"","meta":{"footnotes":""},"class_list":["post-27","page","type-page","status-publish","hentry"],"_links":{"self":[{"href":"https:\/\/bavarianfirehistory.com\/index.php\/wp-json\/wp\/v2\/pages\/27","targetHints":{"allow":["GET"]}}],"collection":[{"href":"https:\/\/bavarianfirehistory.com\/index.php\/wp-json\/wp\/v2\/pages"}],"about":[{"href":"https:\/\/bavarianfirehistory.com\/index.php\/wp-json\/wp\/v2\/types\/page"}],"author":[{"embeddable":true,"href":"https:\/\/bavarianfirehistory.com\/index.php\/wp-json\/wp\/v2\/users\/1"}],"replies":[{"embeddable":true,"href":"https:\/\/bavarianfirehistory.com\/index.php\/wp-json\/wp\/v2\/comments?post=27"}],"version-history":[{"count":2,"href":"https:\/\/bavarianfirehistory.com\/index.php\/wp-json\/wp\/v2\/pages\/27\/revisions"}],"predecessor-version":[{"id":137,"href":"https:\/\/bavarianfirehistory.com\/index.php\/wp-json\/wp\/v2\/pages\/27\/revisions\/137"}],"wp:attachment":[{"href":"https:\/\/bavarianfirehistory.com\/index.php\/wp-json\/wp\/v2\/media?parent=27"}],"curies":[{"name":"wp","href":"https:\/\/api.w.org\/{rel}","templated":true}]}}