{"id":29,"date":"2023-11-18T15:23:54","date_gmt":"2023-11-18T14:23:54","guid":{"rendered":"http:\/\/bavarianfirehistory.com\/?page_id=29"},"modified":"2024-11-18T09:28:31","modified_gmt":"2024-11-18T08:28:31","slug":"liens-utiles","status":"publish","type":"page","link":"https:\/\/bavarianfirehistory.com\/index.php\/liens-utiles\/","title":{"rendered":"Liens utiles"},"content":{"rendered":"\n<p><strong>CIERA \u2013 Soutenir la recherche franco-allemande et internationale<\/strong><\/p>\n\n\n\n<p>Le Centre Interdisciplinaire d&rsquo;\u00c9tudes et de Recherches sur l&rsquo;Allemagne (CIERA) est une communaut\u00e9 de recherche d&rsquo;excellence qui favorise les projets innovants en sciences humaines et sociales. Il propose des formations, des financements, des aides \u00e0 la mobilit\u00e9 et des plateformes de collaboration. Que vous soyez \u00e9tudiant, chercheur ou simplement int\u00e9ress\u00e9 par le monde germanophone, le CIERA encourage l\u2019exploration interdisciplinaire et une compr\u00e9hension globale.<\/p>\n\n\n\n<p><a href=\"https:\/\/www.ciera.fr\/fr\" target=\"_blank\" rel=\"noreferrer noopener\">Visiter le site du CIERA<\/a> &#8211; <a href=\"https:\/\/www.ciera.fr\/fr\/reseau\/14979\" data-type=\"link\" data-id=\"https:\/\/www.ciera.fr\/fr\/reseau\/14979\" target=\"_blank\" rel=\"noreferrer noopener\">Mon profil sur le site du CIERA<\/a><\/p>\n\n\n\n<hr class=\"wp-block-separator has-alpha-channel-opacity\"\/>\n\n\n\n<p><strong>GSA &#8211; German Studies Association<\/strong><\/p>\n\n\n\n<p>La German Studies Association (GSA), fond\u00e9e en 1976, est une organisation multidisciplinaire d\u00e9di\u00e9e \u00e0 l\u2019\u00e9tude de l\u2019histoire, des cultures et des politiques des pays germanophones. Membre de l\u2019ACLS, elle organise une conf\u00e9rence annuelle, publie la revue <em>German Studies Review<\/em> et soutient la recherche internationale.<\/p>\n\n\n\n<p><a href=\"https:\/\/thegsa.org\/\" data-type=\"link\" data-id=\"https:\/\/thegsa.org\/\" target=\"_blank\" rel=\"noreferrer noopener\">Visiter le site du GSA<\/a><\/p>\n","protected":false},"excerpt":{"rendered":"<p>CIERA \u2013 Soutenir la recherche franco-allemande et internationale Le Centre Interdisciplinaire d&rsquo;\u00c9tudes et de Recherches sur l&rsquo;Allemagne (CIERA) est une communaut\u00e9 de recherche d&rsquo;excellence qui favorise les projets innovants en sciences humaines et sociales. Il propose des formations, des financements, des aides \u00e0 la mobilit\u00e9 et des plateformes de collaboration. Que vous soyez \u00e9tudiant, chercheur [&hellip;]<\/p>\n","protected":false},"author":1,"featured_media":0,"parent":0,"menu_order":0,"comment_status":"closed","ping_status":"closed","template":"","meta":{"footnotes":""},"class_list":["post-29","page","type-page","status-publish","hentry"],"_links":{"self":[{"href":"https:\/\/bavarianfirehistory.com\/index.php\/wp-json\/wp\/v2\/pages\/29","targetHints":{"allow":["GET"]}}],"collection":[{"href":"https:\/\/bavarianfirehistory.com\/index.php\/wp-json\/wp\/v2\/pages"}],"about":[{"href":"https:\/\/bavarianfirehistory.com\/index.php\/wp-json\/wp\/v2\/types\/page"}],"author":[{"embeddable":true,"href":"https:\/\/bavarianfirehistory.com\/index.php\/wp-json\/wp\/v2\/users\/1"}],"replies":[{"embeddable":true,"href":"https:\/\/bavarianfirehistory.com\/index.php\/wp-json\/wp\/v2\/comments?post=29"}],"version-history":[{"count":6,"href":"https:\/\/bavarianfirehistory.com\/index.php\/wp-json\/wp\/v2\/pages\/29\/revisions"}],"predecessor-version":[{"id":213,"href":"https:\/\/bavarianfirehistory.com\/index.php\/wp-json\/wp\/v2\/pages\/29\/revisions\/213"}],"wp:attachment":[{"href":"https:\/\/bavarianfirehistory.com\/index.php\/wp-json\/wp\/v2\/media?parent=29"}],"curies":[{"name":"wp","href":"https:\/\/api.w.org\/{rel}","templated":true}]}}