{"id":87,"date":"2023-12-27T16:25:14","date_gmt":"2023-12-27T15:25:14","guid":{"rendered":"https:\/\/bavarianfirehistory.com\/index.php\/bienvenue-sur-bavarianfirehistory-com-deutsch\/"},"modified":"2024-01-09T15:38:34","modified_gmt":"2024-01-09T14:38:34","slug":"bienvenue-sur-bavarianfirehistory-com-deutsch","status":"publish","type":"page","link":"https:\/\/bavarianfirehistory.com\/index.php\/de\/bienvenue-sur-bavarianfirehistory-com-deutsch\/","title":{"rendered":"Willkommen!"},"content":{"rendered":"\n<h5 class=\"wp-block-heading\">Tauchen Sie ein in die faszinierende Geschichte der bayerischen Feuerwehrleute im 19. Jahrhundert. <\/h5>\n\n\n\n<p>Entdecken Sie eine einzigartige Zeitreise, in der Mut, Innovation und sozialer Wandel sich vermischen, um die Identit\u00e4t und Rolle der Feuerwehrleute in einer Zeit tiefgreifender politischer und kultureller Ver\u00e4nderungen zu pr\u00e4gen. Mein Forschungsprojekt, \u201eDie Entwicklung der Identit\u00e4t und Rolle der Feuerwehrleute in Bayern im 19. Jahrhundert: Eine interdisziplin\u00e4re Studie \u00fcber politische, soziale und kulturelle Einfl\u00fcsse\u201c, l\u00e4dt dazu ein, zu erforschen, wie historische Ereignisse, von der Franz\u00f6sischen Revolution bis zum preu\u00dfischen Einfluss, diese unbesungenen Helden beeinflusst haben.<\/p>\n\n\n\n<p>Auf BavarianFireHistory.com teile ich spannende Entdeckungen, tiefgehende Analysen und fesselnde Geschichten, die nicht nur die Vergangenheit beleuchten, sondern auch einzigartige Einblicke in die zeitgen\u00f6ssischen Herausforderungen der Notfalldienste bieten. Begleiten Sie dieses historische Abenteuer, um zu verstehen, wie die bayerischen Feuerwehrleute des 19. Jahrhunderts nicht nur gegen die Flammen k\u00e4mpften, sondern auch Schl\u00fcsselfiguren im sozialen und politischen Gef\u00fcge ihrer Zeit waren.<\/p>\n","protected":false},"excerpt":{"rendered":"<p>Tauchen Sie ein in die faszinierende Geschichte der bayerischen Feuerwehrleute im 19. Jahrhundert. Entdecken Sie eine einzigartige Zeitreise, in der Mut, Innovation und sozialer Wandel sich vermischen, um die Identit\u00e4t und Rolle der Feuerwehrleute in einer Zeit tiefgreifender politischer und kultureller Ver\u00e4nderungen zu pr\u00e4gen. Mein Forschungsprojekt, \u201eDie Entwicklung der Identit\u00e4t und Rolle der Feuerwehrleute in [&hellip;]<\/p>\n","protected":false},"author":1,"featured_media":0,"parent":0,"menu_order":0,"comment_status":"closed","ping_status":"closed","template":"","meta":{"footnotes":""},"class_list":["post-87","page","type-page","status-publish","hentry"],"_links":{"self":[{"href":"https:\/\/bavarianfirehistory.com\/index.php\/wp-json\/wp\/v2\/pages\/87","targetHints":{"allow":["GET"]}}],"collection":[{"href":"https:\/\/bavarianfirehistory.com\/index.php\/wp-json\/wp\/v2\/pages"}],"about":[{"href":"https:\/\/bavarianfirehistory.com\/index.php\/wp-json\/wp\/v2\/types\/page"}],"author":[{"embeddable":true,"href":"https:\/\/bavarianfirehistory.com\/index.php\/wp-json\/wp\/v2\/users\/1"}],"replies":[{"embeddable":true,"href":"https:\/\/bavarianfirehistory.com\/index.php\/wp-json\/wp\/v2\/comments?post=87"}],"version-history":[{"count":3,"href":"https:\/\/bavarianfirehistory.com\/index.php\/wp-json\/wp\/v2\/pages\/87\/revisions"}],"predecessor-version":[{"id":164,"href":"https:\/\/bavarianfirehistory.com\/index.php\/wp-json\/wp\/v2\/pages\/87\/revisions\/164"}],"wp:attachment":[{"href":"https:\/\/bavarianfirehistory.com\/index.php\/wp-json\/wp\/v2\/media?parent=87"}],"curies":[{"name":"wp","href":"https:\/\/api.w.org\/{rel}","templated":true}]}}